{"id":2,"date":"2022-11-03T21:45:51","date_gmt":"2022-11-03T21:45:51","guid":{"rendered":"https:\/\/lafehouston.com\/?page_id=2"},"modified":"2022-11-07T23:16:03","modified_gmt":"2022-11-08T05:16:03","slug":"sample-page","status":"publish","type":"page","link":"https:\/\/lafehouston.com\/?page_id=2","title":{"rendered":"En Que Creemos"},"content":{"rendered":"<style type=\"text\/css\"><\/style>\n<p><\/p>\n\n\n\n<h2 class=\"wp-block-heading\"><\/h2>\n\n\n\n<h2 class=\"wp-block-heading\"><\/h2>\n\n\n\n<p><\/p>\n\n\n\n<p><\/p>\n\n\n\n<h2 class=\"wp-block-heading\">En Castillo del Rey Houston fuimos creados para:<br><em>Exaltar al Se\u00f1or + Evangelizar + Edificar\u00a0a sus miembros + Servir<\/em><\/h2>\n\n\n\n<h3 class=\"has-medium-font-size wp-block-heading\"><strong><mark style=\"background-color:rgba(0, 0, 0, 0)\" class=\"has-inline-color has-color-1-color\">Creemos&nbsp;que: <\/mark><\/strong><\/h3>\n\n\n\n<ul class=\"wp-block-list\">\n<li>La Palabra de Dios, tanto el Antiguo como el Nuevo Testamento fueron escritos por hombres inspirados por el Esp\u00edritu Santo y son el registro escrito de la revelaci\u00f3n de Dios a los hombres.<\/li>\n\n\n\n<li>Creemos&nbsp;en un solo Dios viviente, eterno (Deuteronomio 32:40; 33:27; Salmo 9:7; 135:13; 145:13) \u00fanico y verdadero, quien se ha manifestado a si mismo, por medio de revelaci\u00f3n propia, como el \u201d YO SOY \u201d el que siempre es, el que siempre ha sido, y el que siempre ser\u00e1 Quien es (\u201cYO SOY EL QUE SOY\u201d) \u00c9l es de existencia propia, el Primero y el Ultimo, el Alt\u00edsimo (Deuteronomio 32:8).<\/li>\n\n\n\n<li>Creemos&nbsp;en Dios Padre, quien no es visible (Colosenses 1:15), y es el Creador y Se\u00f1or del cielo y de la tierra (Mateo 11:25; Lucas 10:21), \u00c9l tiene vida en si mismo (Juan 5:26), \u00c9l es perfecto (Mateo 5:48), justo (Juan 17:25), viviente (Juan 5:57), y glorioso (Efesios 1:17), Padre de Misericordia (Lucas 6:36) y Dios de toda consolaci\u00f3n (II Colosenses 1:3), de \u00c9l desciende toda buena d\u00e1diva y todo don perfecto y en \u00c9l no hay mudanza, ni sombra de variaci\u00f3n (Santiago 1:17).<\/li>\n\n\n\n<li>Creemos&nbsp;en Nuestro Se\u00f1or Jesucristo el Unig\u00e9nito Hijo de Dios (Juan 1:14, 3:16; I&nbsp;Juan 4:9) y el Salvador del mundo (I Juan 4:14). \u00c9l es la imagen del Dios invisible, el Primog\u00e9nito de toda creaci\u00f3n (Colosenses 1:15; II Corintios 4:4). En \u00c9l habita corporalmente toda la plenitud de la deidad, y \u00c9l es la cabeza de todo principado y potestad (Colosenses 2:9, 10).<\/li>\n\n\n\n<li>Creemos&nbsp;en el Esp\u00edritu Santo quien procede de Dios (Juan 15:26; I Corintios 2:12) y es el Esp\u00edritu de Dios. \u00c9l es eterno (Hebreos 9:14), glorioso (I Pedro 4:14), bueno (Nehem\u00edas 9:20; Salmos 143:10) y noble (Salmo 51:12). \u00c9l es Esp\u00edritu de verdad (Juan 14:17; 15:26; 16:13; I Juan 5:6), gracia (Hebreos 10:29), santidad (Romanos 1:4), sabidur\u00eda, inteligencia, consejo, poder, conocimiento (Isa\u00edas 11:2), profec\u00eda (Apocalipsis 19:10) y de vida (Efesios 4:30), \u201cEl Esp\u00edritu del Dios vivo\u201d (II Corintios 3:3), \u201cel Esp\u00edritu de Su Hijo\u201d (G\u00e1latas 4:6), \u201cel Esp\u00edritu De Cristo\u201d (Filipenses 1:19), y \u201cEl Esp\u00edritu del Se\u00f1or\u201d (Isa\u00edas 61:1; Lucas 4:18; Hechos 5:9; 8:39; II Corintios 3:17, 18.<\/li>\n\n\n\n<li>Creemos\u00a0que Dios creo una innumerable cantidad de seres espirituales libres del pecado, conocidos como \u00e1ngeles; \u201cLucifer\u201d, (Lucero de la ma\u00f1ana) uno de los de mas alto rango, pec\u00f3 de orgullo convirti\u00e9ndose en Satan\u00e1s; y que una parte de los seres angelicales le acompa\u00f1aron en su ca\u00edda moral y se han convertido en demonios, sus agentes activos.<\/li>\n\n\n\n<li>Creemos&nbsp;que Satan\u00e1s es el originador del pecado y que bajo el permiso de Dios, \u00e9l en forma sutil hizo caer en el pecado a nuestros primeros padres, llev\u00e1ndose a cabo su decadencia moral y diab\u00f3lica. \u00c9l es el enemigo de Dios, de la iglesia y de la humanidad.<\/li>\n\n\n\n<li>Creemos\u00a0que Satan\u00e1s fue vencido por Jesucristo en el Calvario y que Cristo deleg\u00f3 su autoridad a Su cuerpo, la iglesia.<\/li>\n\n\n\n<li>Creemos&nbsp;tambi\u00e9n que una gran cantidad de \u00e1ngeles conservaron su estado puro y est\u00e1n ante el trono de Dios, desde donde son enviados a ministrar a aquellos que son los herederos de la salvaci\u00f3n (Isa\u00edas 14:12; Ezequiel 28:11-19; II Pedro 2:4; Judas 1:6; G\u00e9nesis 3:1-19; Romanos 5:12-14; II Corintios 4:3,4; 11:13-15; Efesios 6:10-12; II Tesalonicenses 2:4; I Timoteo 4:1-3; Colosenses 2:15; Apocalipsis 20:1\u20133, 10; Lucas 15:10; Efesios 1:21; Hebreos 1:14).<\/li>\n\n\n\n<li>Creemos\u00a0que Dios cre\u00f3 la tierra soberanamente de la nada y que la cre\u00f3 para que el hombre la habitase (G\u00e9nesis 1:1; 2:4).<\/li>\n\n\n\n<li>Creemos\u00a0que el hombre fue creado por Dios a Su imagen conforme a Su semejanza por medio de un acto directo e inmediato de \u00c9l mismo (G\u00e9nesis 1:26,27).<\/li>\n\n\n\n<li>Creemos&nbsp;que Dios hizo al hombre para tener comuni\u00f3n y armon\u00eda con \u00c9l y vivir eternamente una relaci\u00f3n libre de amor y de bendici\u00f3n. Dios lo puso en el mundo para fructificar y multiplicarse; llenar la tierra y sojuzgarla y se\u00f1orear en ella; para labrarla y guardarla (G\u00e9nesis 1:26,28; 2:15).<\/li>\n\n\n\n<li>El hombre fue creado con libre albedr\u00edo, es decir, la habilidad de decidir y escoger por si mismo. Al establecer una relaci\u00f3n de amor y obediencia, el hombre glorificar\u00e1 a Dios y gozar\u00e1 de \u00c9l para siempre.<\/li>\n\n\n\n<li>Creemos&nbsp;que el hombre, por voluntad propia, rehus\u00f3 y rechaz\u00f3 la autoridad de Dios sobre su vida y por lo tanto, perdi\u00f3 todas las bendiciones que Dios ten\u00eda preparadas para \u00e9l. El hombre decidi\u00f3 desobedecer a Dios y no andar en Su camino ni en Su plan maravilloso.<\/li>\n\n\n\n<li>Creemos\u00a0que solamente el arrepentimiento genuino de nuestros pecados y la fe en Nuestro Se\u00f1or Jesucristo hace efectiva la salvaci\u00f3n para el hombre. Una persona es justificada, reconciliada con Dios y hecha participe de la muerte de Jesucristo a trav\u00e9s de una fe sincera en el sacrificio y la sangre derramada de Jesucristo.<\/li>\n\n\n\n<li>Creemos\u00a0que a causa de la muerte espiritual (Universal) que vino a la humanidad a trav\u00e9s del pecado nadie puede entrar al Reino de Dios a menos que sea nacido de nuevo por el Esp\u00edritu de Dios.<\/li>\n\n\n\n<li>Creemos\u00a0que nuestra redenci\u00f3n y el perd\u00f3n de nuestros pecados ha sido llevado a cabo \u00fanicamente por la sangre derramada de Nuestro Se\u00f1or Jesucristo quien muri\u00f3 como nuestro sustituto y que no hay salvaci\u00f3n en ning\u00fan otro nombre.<\/li>\n\n\n\n<li>Creemos\u00a0que la vida del creyente es un continuo caminar conforme los preceptos de Dios para poder vivir una vida abundante y victoriosa.\u00a0Solamente Cristo en nosotros es la esperanza de gloria. Es necesario una dependencia completa en Cristo Jes\u00fas permaneciendo en \u00c9l y permiti\u00e9ndole a \u00c9l vivir Su vida en y a trav\u00e9s de nosotros. Separados de \u00c9l nada podemos hacer.<\/li>\n\n\n\n<li>Creemos&nbsp;que solo Dios mismo, es poderoso para guardarnos sin ca\u00edda y presentarnos sin mancha delante de Su gloria con gran alegr\u00eda a trav\u00e9s de la morada y Se\u00f1or\u00edo perpetuo de Cristo en el coraz\u00f3n y la obra constante del Esp\u00edritu Santo en el creyente.<\/li>\n\n\n\n<li>Creemos&nbsp;que es necesario andar en el Esp\u00edritu y pensar en las cosas del Esp\u00edritu sabiendo que el ocuparse de la carne es muerte, pero el ocuparse del Esp\u00edritu es vida y paz.<\/li>\n\n\n\n<li>Creemos&nbsp;que es a trav\u00e9s del Esp\u00edritu Santo que somos transformados y renovados en nuestra mente.<\/li>\n\n\n\n<li>Creemos\u00a0que cada creyente necesita establecer y construir su vida sobre el fundamento que es Cristo y Su Palabra. Bajo el Se\u00f1or\u00edo de Jesucristo el creyente debe tener experiencia y conocimiento real, no nada mas de lo que es el nuevo nacimiento, el arrepentimiento, obras muertas y de la fe en Dios, sino tambi\u00e9n de la doctrina del bautismo, de la imposici\u00f3n de manos, de la resurrecci\u00f3n de los muertos y del juicio eterno (Colosenses 1:27; Juan 15:4,5; Judas 24; Romanos 8:5,6; I Corintios 3:11-13; I Pedro 2:3; I Tesalonicenses 5:17&#8230;)<\/li>\n<\/ul>\n\n\n\n<h3 class=\"wp-block-heading\">Bautismo<\/h3>\n\n\n\n<ul class=\"wp-block-list\">\n<li>Creemos&nbsp;que el Nuevo Testamento ense\u00f1a por lo menos tres bautismos.<\/li>\n\n\n\n<li>Primero:&nbsp;Est\u00e1 el bautismo por el Esp\u00edritu Santo en el cuerpo de Cristo. Mediante este bautismo, el pecador arrepentido conf\u00eda en Jesucristo como su Salvador y Se\u00f1or .<\/li>\n\n\n\n<li>Segundo:&nbsp;Est\u00e1 el bautismo en agua de los creyentes.<\/li>\n\n\n\n<li>Creemos&nbsp;que este bautismo fue dado a la iglesia como una ordenanza por medio de la cual el creyente experimenta la realidad de la crucifixi\u00f3n y la resurrecci\u00f3n con el Se\u00f1or Jesucristo. Recomendamos que sea por inmersi\u00f3n, donde sea posible, por ser la forma m\u00e1s adecuada en su simbolismo y probablemente la forma original.<\/li>\n\n\n\n<li>Tercero:&nbsp;Est\u00e1 el bautismo en el Esp\u00edritu Santo (Llenura del Esp\u00edritu Santo). Este bautismo puede ocurrir subsecuentemente a la conversi\u00f3n.<\/li>\n\n\n\n<li>Creemos\u00a0que a cada creyente le es dada una manifestaci\u00f3n del Esp\u00edritu para provecho y que una evidencia normal de este bautismo es la manifestaci\u00f3n de uno o m\u00e1s dones del Esp\u00edritu Santo seg\u00fan I Corintios 12:7-11, siendo el don de lenguas el que mas com\u00fanmente se manifiesta .<\/li>\n\n\n\n<li>Creemos\u00a0que a medida que el creyente se somete y se entrega al Esp\u00edritu Santo, las debilidades en su vida son transformadas en poder y este poder se manifestar\u00e1 en un testimonio fiel y fruct\u00edfero de Jesucristo y en la habilidad de vivir seg\u00fan la voluntad de Dios (I Corintios 12:13; Mateo 18:19-20; Romanos 6:3-6; Hechos 1:5; 8:2; 4:38; 10:46; 11:28; 19:6).<\/li>\n\n\n\n<li><\/li>\n<\/ul>\n\n\n\n<h3 class=\"wp-block-heading\">Sanidad Divina<\/h3>\n\n\n\n<ul class=\"wp-block-list\">\n<li>Creemos&nbsp;que la sanidad divina es uno de los beneficios provistos para el hombre a trav\u00e9s de la muerte de Nuestro Se\u00f1or Jesucristo.<\/li>\n\n\n\n<li>Creemos&nbsp;que la oraci\u00f3n de fe sanar\u00e1 al enfermo (Isa\u00edas 53:4,5; Mateo 8:17; Hechos 4:30; 9:11; Santiago 5:14; I Pedro 2:24,25).<\/li>\n<\/ul>\n\n\n\n<h3 class=\"wp-block-heading\">La Iglesia<\/h3>\n\n\n\n<ul class=\"wp-block-list\">\n<li>Creemos&nbsp;que todos aquellos que est\u00e1n unidos a Jesucristo por el nuevo nacimiento son miembros de la iglesia Universal; el cuerpo de Cristo.<\/li>\n\n\n\n<li>Creemos&nbsp;que la congregaci\u00f3n local de creyentes cristianos es instituida por Dios y es el instrumento que \u00c9l ha escogido para adelantar Su obra y extender Su Reino.<\/li>\n\n\n\n<li>Aunque apreciamos y apoyamos los ministerios paraeclesi\u00e1sticos, creemos que la iglesia local es el veh\u00edculo escogido por Dios para la evangelizaci\u00f3n y el discipulado del mundo, el cuidado, el compa\u00f1erismo y el crecimiento de los creyentes en el trabajo en conjunto con otros que creen en la salvaci\u00f3n por la sangre derramada por Jesucristo. Esta unidad es de gran importancia, particularmente en relaci\u00f3n a la tarea de la evangelizaci\u00f3n, las misiones y las obras ben\u00e9ficas (Mateo 16:16-18; Juan 17:21; Romanos 12:5; Efesios 1:20-23, 4:3-10; Colosenses 3:14,15)<\/li>\n<\/ul>\n\n\n\n<h3 class=\"wp-block-heading\">Sacramentos<\/h3>\n\n\n\n<ul class=\"wp-block-list\">\n<li>Creemos&nbsp;que el agua bautismal es \u00fanicamente para los creyentes y recomendamos que el bautismo sea administrado por inmersi\u00f3n y bajo la autoridad del Se\u00f1or Jesucristo para la gloria del Padre, del Hijo y del Esp\u00edritu Santo. El bautismo en agua es un testimonio p\u00fablico del arrepentimiento sincero, la fe genuina en Jesucristo como Salvador y la decisi\u00f3n firme de morir al pecado y resucitar a una vida nueva en Cristo Jes\u00fas .<\/li>\n\n\n\n<li>Creemos&nbsp;que es una se\u00f1al externa y visible de una realidad interior e invisible de nuestra identificaci\u00f3n con Cristo en su muerte, sepultura y resurrecci\u00f3n (Mateo 28:10-20; Hechos 8:16; Romanos 6:4).<\/li>\n\n\n\n<li>Creemos&nbsp;que a trav\u00e9s de la Santa Cena (La Mesa del Se\u00f1or o La santa Comuni\u00f3n) el creyente:\n<ul class=\"wp-block-list\">\n<li>1.- Reafirma la realidad del Nuevo Pacto.\n<ul class=\"wp-block-list\">\n<li>Creemos&nbsp;que la Santa Cena es una continua y poderosa proclamaci\u00f3n del triunfo de Cristo en la cruz y de todos los beneficios otorgados al creyente a trav\u00e9s de la entrega de Su cuerpo y el derramamiento de Su sangre. Ella anuncia la muerte de Cristo Jes\u00fas hasta que \u00c9l vuelva (I Corintios 13:26).<\/li>\n<\/ul>\n<\/li>\n\n\n\n<li>2.- A trav\u00e9s de la Santa Cena el Se\u00f1or pone a disposici\u00f3n del creyente uno de los medios de Su gracia, y Su presencia presente y activa se manifiesta y puede ser experimentada cuando el creyente recibe por fe los elementos simb\u00f3licos, y con gozo y gratitud participa en comuni\u00f3n \u00edntima con Nuestro Salvador.<\/li>\n<\/ul>\n<\/li>\n\n\n\n<li>Creemos&nbsp;que estos sacramentos est\u00e1n abiertos a toda persona que ha recibido a Cristo Jes\u00fas como Salvador y Se\u00f1or y que no alberga en su coraz\u00f3n alg\u00fan pecado no confesado a Dios.<\/li>\n\n\n\n<li>Creemos&nbsp;que la pr\u00e1ctica del lavamiento de pies puede ser edificante para todos los creyentes cuando se hace seg\u00fan las instrucciones del Se\u00f1or Jesucristo (Mateo 26:26; I Corintios 11:23,24; Juan 13:14,15).<\/li>\n<\/ul>\n\n\n\n<h3 class=\"wp-block-heading\">Adoraci\u00f3n<\/h3>\n\n\n\n<ul class=\"wp-block-list\">\n<li>Creemos&nbsp;que el prop\u00f3sito de la adoraci\u00f3n es glorificar a Dios y disfrutar de \u00c9l.<\/li>\n\n\n\n<li>Creemos\u00a0que debemos adorar a Dios en Esp\u00edritu y en verdad a trav\u00e9s de todas las formas que se describen en las Sagradas Escrituras, expres\u00e1ndole todo nuestro amor y d\u00e1ndole la honra, la gloria y la alabanza que \u00c9l merece.<\/li>\n<\/ul>\n\n\n\n<h3 class=\"wp-block-heading\">Ministros de la Iglesia<\/h3>\n\n\n\n<ul class=\"wp-block-list\">\n<li>Creemos\u00a0en el llamamiento divino y que es Dios quien constituye y equipa a las personas para los diferentes ministerios incluidos el de Ap\u00f3stol, Profeta, Evangelista, Pastor y Maestro.<\/li>\n\n\n\n<li>Creemos&nbsp;que estos dones ministeriales fueron dados a la Iglesia por el Se\u00f1or Jesucristo despu\u00e9s de Su ascensi\u00f3n.<\/li>\n\n\n\n<li>Creemos&nbsp;que a cada creyente le son dados dones para servir a Dios, a la iglesia y al mundo; que todo creyente ha sido llamado a ser embajador de Cristo y que todo cristiano se le ha dado el ministerio de la reconciliaci\u00f3n. (Efesios 4:11-13; II Corintios 5:20; Romanos 12;6-8; I Corintios 12:7-11, 28).<\/li>\n<\/ul>\n\n\n\n<h3 class=\"wp-block-heading\">Imposici\u00f3n de manos<\/h3>\n\n\n\n<ul class=\"wp-block-list\">\n<li>Creemos&nbsp;en la doctrina de imposici\u00f3n de manos para:\n<ul class=\"wp-block-list\">\n<li>La confirmaci\u00f3n de los creyentes en su llamado para alg\u00fan compromiso o ministerio en la iglesia local.<\/li>\n\n\n\n<li>La confirmaci\u00f3n del llamamiento de Dios a uno de Sus ministerios especiales en la iglesia (Hechos:1-30).<\/li>\n\n\n\n<li>La importancia de alg\u00fan don espiritual. (I Timoteo 4:14; II Timoteo 1:16)<\/li>\n\n\n\n<li>Una manera de recibir en algunos casos la llenura o bautismo del Esp\u00edritu Santo (Hechos 8:17,18).<\/li>\n\n\n\n<li>El ministerio de sanidad de los enfermos a trav\u00e9s del Se\u00f1or Jesucristo (Marcos 16:18).<\/li>\n\n\n\n<li>La bendici\u00f3n y dedicaci\u00f3n de los ni\u00f1os al Se\u00f1or (Marcos 10:16).<\/li>\n<\/ul>\n<\/li>\n\n\n\n<li>Creemos&nbsp;adem\u00e1s en obediencia a las Sagradas Escrituras que no debemos imponer las manos con ligereza, sino que la imposici\u00f3n de manos debe confirmar o restaurar p\u00fablicamente a alguna persona en un ministerio que ya ha sido observado y aprobado con discreci\u00f3n (I Timoteo 5:22).<\/li>\n<\/ul>\n\n\n\n<h3 class=\"wp-block-heading\">Evangelizaci\u00f3n y Misiones<\/h3>\n\n\n\n<ul class=\"wp-block-list\">\n<li>Creemos\u00a0que el Se\u00f1or Jesucristo dej\u00f3 a los creyentes un mandato y una misi\u00f3n expl\u00edcita. Esa comisi\u00f3n es la de ir en Su nombre a todo el mundo y testificar de la salvaci\u00f3n que es por Su gracia, predicar el evangelio a toda criatura, hacer disc\u00edpulos a todas las naciones, bautiz\u00e1ndolos en el Nombre del Padre, del Hijo y del Esp\u00edritu Santo; y ense\u00f1\u00e1ndoles que guarden todas las cosas que \u00c9l les ha mandado. (Mateo 28:19-20)<\/li>\n<\/ul>\n\n\n\n<h3 class=\"wp-block-heading\">Restauraci\u00f3n de todas las cosas<\/h3>\n\n\n\n<ul class=\"wp-block-list\">\n<li>Creemos\u00a0que Dios est\u00e1 restaurando por medio de Jesucristo, y a trav\u00e9s de Su iglesia todo lo que perdi\u00f3 en la ca\u00edda del hombre y que habr\u00e1 total y completa restauraci\u00f3n de todas las cosas por medio del Se\u00f1or Jesucristo (Daniel 7:14; Hechos 3:21; Apocalipsis 21:1-5).<\/li>\n<\/ul>\n\n\n\n<h3 class=\"wp-block-heading\">Resurrecci\u00f3n de los muertos y el Juicio Eterno<\/h3>\n\n\n\n<ul class=\"wp-block-list\">\n<li>Creemos\u00a0que los esp\u00edritus y las almas de los no creyentes perduran despu\u00e9s de la muerte f\u00edsica, conscientes de su condici\u00f3n y en sufrimiento hasta el juicio final en el Gran Trono Blanco. Despu\u00e9s el alma y el esp\u00edritu y el cuerpo ser\u00e1n reunidos y la persona ser\u00e1 lanzada al lago de fuego, no para ser destruidos, sino para sufrir eterna separaci\u00f3n de la presencia de el Se\u00f1or y de la gloria de su poder.<\/li>\n\n\n\n<li>Creemos&nbsp;que en la muerte f\u00edsica, los esp\u00edritus y alma de aquellos que confiaron en el Se\u00f1or Jesucristo pasan inmediatamente a su presencia y permanecen presentes con el Se\u00f1or hasta la gloriosa resurrecci\u00f3n del cuerpo cuando Jesucristo venga por los suyos. Entonces el cuerpo, alma y esp\u00edritu se unir\u00e1n de nuevo para estar en Gloria con \u00c9l para siempre (Lucas 16:19-26; 23:42; II Corintios 5:8; Filipenses 1:23; II Tesalonicenses 1:7-9; Judas 6-7, Apocalipsis 20:11-15).<\/li>\n<\/ul>\n","protected":false},"excerpt":{"rendered":"<p>En Castillo del Rey Houston fuimos creados para:Exaltar al Se\u00f1or + Evangelizar + Edificar\u00a0a sus miembros + Servir Creemos&nbsp;que: Bautismo Sanidad Divina La Iglesia Sacramentos Adoraci\u00f3n Ministros de la Iglesia&#8230;<\/p>\n","protected":false},"author":1,"featured_media":5121,"parent":0,"menu_order":0,"comment_status":"closed","ping_status":"open","template":"","meta":{"_price":"","_stock":"","_tribe_ticket_header":"","_tribe_default_ticket_provider":"","_tribe_ticket_capacity":"0","_ticket_start_date":"","_ticket_end_date":"","_tribe_ticket_show_description":"","_tribe_ticket_show_not_going":false,"_tribe_ticket_use_global_stock":"","_tribe_ticket_global_stock_level":"","_global_stock_mode":"","_global_stock_cap":"","_tribe_rsvp_for_event":"","_tribe_ticket_going_count":"","_tribe_ticket_not_going_count":"","_tribe_tickets_list":"[]","_tribe_ticket_has_attendee_info_fields":false,"footnotes":"","_tec_slr_enabled":"","_tec_slr_layout":""},"class_list":["post-2","page","type-page","status-publish","has-post-thumbnail","hentry"],"yoast_head":"<!-- This site is optimized with the Yoast SEO plugin v27.5 - https:\/\/yoast.com\/product\/yoast-seo-wordpress\/ -->\n<title>En Que Creemos - Castillo del Rey Houston<\/title>\n<meta name=\"robots\" content=\"index, follow, max-snippet:-1, max-image-preview:large, max-video-preview:-1\" \/>\n<link rel=\"canonical\" href=\"https:\/\/cdrhouston.com\/?page_id=2\" \/>\n<meta property=\"og:locale\" content=\"en_US\" \/>\n<meta property=\"og:type\" content=\"article\" \/>\n<meta property=\"og:title\" content=\"En Que Creemos - Castillo del Rey Houston\" \/>\n<meta property=\"og:description\" content=\"En Castillo del Rey Houston fuimos creados para:Exaltar al Se\u00f1or + Evangelizar + Edificar\u00a0a sus miembros + Servir Creemos&nbsp;que: Bautismo Sanidad Divina La Iglesia Sacramentos Adoraci\u00f3n Ministros de la Iglesia...\" \/>\n<meta property=\"og:url\" content=\"https:\/\/cdrhouston.com\/?page_id=2\" \/>\n<meta property=\"og:site_name\" content=\"Castillo del Rey Houston\" \/>\n<meta property=\"article:modified_time\" content=\"2022-11-08T05:16:03+00:00\" \/>\n<meta property=\"og:image\" content=\"https:\/\/cdrhouston.com\/wp-content\/uploads\/2022\/11\/Biblia3.jpg\" \/>\n\t<meta property=\"og:image:width\" content=\"2000\" \/>\n\t<meta property=\"og:image:height\" content=\"826\" \/>\n\t<meta property=\"og:image:type\" content=\"image\/jpeg\" \/>\n<meta name=\"twitter:card\" content=\"summary_large_image\" \/>\n<meta name=\"twitter:label1\" content=\"Est. reading time\" \/>\n\t<meta name=\"twitter:data1\" content=\"11 minutes\" \/>\n<script type=\"application\/ld+json\" class=\"yoast-schema-graph\">{\"@context\":\"https:\\\/\\\/schema.org\",\"@graph\":[{\"@type\":\"WebPage\",\"@id\":\"https:\\\/\\\/cdrhouston.com\\\/?page_id=2\",\"url\":\"https:\\\/\\\/cdrhouston.com\\\/?page_id=2\",\"name\":\"En Que Creemos - Castillo del Rey Houston\",\"isPartOf\":{\"@id\":\"https:\\\/\\\/cdrhouston.com\\\/#website\"},\"primaryImageOfPage\":{\"@id\":\"https:\\\/\\\/cdrhouston.com\\\/?page_id=2#primaryimage\"},\"image\":{\"@id\":\"https:\\\/\\\/cdrhouston.com\\\/?page_id=2#primaryimage\"},\"thumbnailUrl\":\"https:\\\/\\\/lafehouston.com\\\/wp-content\\\/uploads\\\/2022\\\/11\\\/Biblia3.jpg\",\"datePublished\":\"2022-11-03T21:45:51+00:00\",\"dateModified\":\"2022-11-08T05:16:03+00:00\",\"breadcrumb\":{\"@id\":\"https:\\\/\\\/cdrhouston.com\\\/?page_id=2#breadcrumb\"},\"inLanguage\":\"en-US\",\"potentialAction\":[{\"@type\":\"ReadAction\",\"target\":[\"https:\\\/\\\/cdrhouston.com\\\/?page_id=2\"]}]},{\"@type\":\"ImageObject\",\"inLanguage\":\"en-US\",\"@id\":\"https:\\\/\\\/cdrhouston.com\\\/?page_id=2#primaryimage\",\"url\":\"https:\\\/\\\/lafehouston.com\\\/wp-content\\\/uploads\\\/2022\\\/11\\\/Biblia3.jpg\",\"contentUrl\":\"https:\\\/\\\/lafehouston.com\\\/wp-content\\\/uploads\\\/2022\\\/11\\\/Biblia3.jpg\",\"width\":2000,\"height\":826},{\"@type\":\"BreadcrumbList\",\"@id\":\"https:\\\/\\\/cdrhouston.com\\\/?page_id=2#breadcrumb\",\"itemListElement\":[{\"@type\":\"ListItem\",\"position\":1,\"name\":\"Home\",\"item\":\"https:\\\/\\\/cdrhouston.com\\\/\"},{\"@type\":\"ListItem\",\"position\":2,\"name\":\"En Que Creemos\"}]},{\"@type\":\"WebSite\",\"@id\":\"https:\\\/\\\/cdrhouston.com\\\/#website\",\"url\":\"https:\\\/\\\/cdrhouston.com\\\/\",\"name\":\"Castillo del Rey Houston\",\"description\":\"Iglesia Cristiana Castillo del Rey Houston\",\"potentialAction\":[{\"@type\":\"SearchAction\",\"target\":{\"@type\":\"EntryPoint\",\"urlTemplate\":\"https:\\\/\\\/cdrhouston.com\\\/?s={search_term_string}\"},\"query-input\":{\"@type\":\"PropertyValueSpecification\",\"valueRequired\":true,\"valueName\":\"search_term_string\"}}],\"inLanguage\":\"en-US\"}]}<\/script>\n<!-- \/ Yoast SEO plugin. -->","yoast_head_json":{"title":"En Que Creemos - Castillo del Rey Houston","robots":{"index":"index","follow":"follow","max-snippet":"max-snippet:-1","max-image-preview":"max-image-preview:large","max-video-preview":"max-video-preview:-1"},"canonical":"https:\/\/cdrhouston.com\/?page_id=2","og_locale":"en_US","og_type":"article","og_title":"En Que Creemos - Castillo del Rey Houston","og_description":"En Castillo del Rey Houston fuimos creados para:Exaltar al Se\u00f1or + Evangelizar + Edificar\u00a0a sus miembros + Servir Creemos&nbsp;que: Bautismo Sanidad Divina La Iglesia Sacramentos Adoraci\u00f3n Ministros de la Iglesia...","og_url":"https:\/\/cdrhouston.com\/?page_id=2","og_site_name":"Castillo del Rey Houston","article_modified_time":"2022-11-08T05:16:03+00:00","og_image":[{"width":2000,"height":826,"url":"https:\/\/cdrhouston.com\/wp-content\/uploads\/2022\/11\/Biblia3.jpg","type":"image\/jpeg"}],"twitter_card":"summary_large_image","twitter_misc":{"Est. reading time":"11 minutes"},"schema":{"@context":"https:\/\/schema.org","@graph":[{"@type":"WebPage","@id":"https:\/\/cdrhouston.com\/?page_id=2","url":"https:\/\/cdrhouston.com\/?page_id=2","name":"En Que Creemos - Castillo del Rey Houston","isPartOf":{"@id":"https:\/\/cdrhouston.com\/#website"},"primaryImageOfPage":{"@id":"https:\/\/cdrhouston.com\/?page_id=2#primaryimage"},"image":{"@id":"https:\/\/cdrhouston.com\/?page_id=2#primaryimage"},"thumbnailUrl":"https:\/\/lafehouston.com\/wp-content\/uploads\/2022\/11\/Biblia3.jpg","datePublished":"2022-11-03T21:45:51+00:00","dateModified":"2022-11-08T05:16:03+00:00","breadcrumb":{"@id":"https:\/\/cdrhouston.com\/?page_id=2#breadcrumb"},"inLanguage":"en-US","potentialAction":[{"@type":"ReadAction","target":["https:\/\/cdrhouston.com\/?page_id=2"]}]},{"@type":"ImageObject","inLanguage":"en-US","@id":"https:\/\/cdrhouston.com\/?page_id=2#primaryimage","url":"https:\/\/lafehouston.com\/wp-content\/uploads\/2022\/11\/Biblia3.jpg","contentUrl":"https:\/\/lafehouston.com\/wp-content\/uploads\/2022\/11\/Biblia3.jpg","width":2000,"height":826},{"@type":"BreadcrumbList","@id":"https:\/\/cdrhouston.com\/?page_id=2#breadcrumb","itemListElement":[{"@type":"ListItem","position":1,"name":"Home","item":"https:\/\/cdrhouston.com\/"},{"@type":"ListItem","position":2,"name":"En Que Creemos"}]},{"@type":"WebSite","@id":"https:\/\/cdrhouston.com\/#website","url":"https:\/\/cdrhouston.com\/","name":"Castillo del Rey Houston","description":"Iglesia Cristiana Castillo del Rey Houston","potentialAction":[{"@type":"SearchAction","target":{"@type":"EntryPoint","urlTemplate":"https:\/\/cdrhouston.com\/?s={search_term_string}"},"query-input":{"@type":"PropertyValueSpecification","valueRequired":true,"valueName":"search_term_string"}}],"inLanguage":"en-US"}]}},"jetpack_sharing_enabled":true,"ticketed":false,"_links":{"self":[{"href":"https:\/\/lafehouston.com\/index.php?rest_route=\/wp\/v2\/pages\/2","targetHints":{"allow":["GET"]}}],"collection":[{"href":"https:\/\/lafehouston.com\/index.php?rest_route=\/wp\/v2\/pages"}],"about":[{"href":"https:\/\/lafehouston.com\/index.php?rest_route=\/wp\/v2\/types\/page"}],"author":[{"embeddable":true,"href":"https:\/\/lafehouston.com\/index.php?rest_route=\/wp\/v2\/users\/1"}],"replies":[{"embeddable":true,"href":"https:\/\/lafehouston.com\/index.php?rest_route=%2Fwp%2Fv2%2Fcomments&post=2"}],"version-history":[{"count":23,"href":"https:\/\/lafehouston.com\/index.php?rest_route=\/wp\/v2\/pages\/2\/revisions"}],"predecessor-version":[{"id":5296,"href":"https:\/\/lafehouston.com\/index.php?rest_route=\/wp\/v2\/pages\/2\/revisions\/5296"}],"wp:featuredmedia":[{"embeddable":true,"href":"https:\/\/lafehouston.com\/index.php?rest_route=\/wp\/v2\/media\/5121"}],"wp:attachment":[{"href":"https:\/\/lafehouston.com\/index.php?rest_route=%2Fwp%2Fv2%2Fmedia&parent=2"}],"curies":[{"name":"wp","href":"https:\/\/api.w.org\/{rel}","templated":true}]}}